{"id":5,"date":"2013-01-12T13:28:39","date_gmt":"2013-01-12T13:28:39","guid":{"rendered":"http:\/\/localhost\/?page_id=5"},"modified":"2023-03-06T13:14:44","modified_gmt":"2023-03-06T13:14:44","slug":"sobre-mi","status":"publish","type":"page","link":"https:\/\/www.diegocamacho.es\/?page_id=5","title":{"rendered":"Mi proyecto"},"content":{"rendered":"<p style=\"text-align: justify;\">Este proyecto aporta algo nuevo. Un entrenador de f\u00fatbol personal. Es una idea destinada para todos aquellos deportistas de ambos sexos, ni\u00f1os y ni\u00f1as, mujeres y hombres, que deseen mejorar y perfeccionar sus cualidades t\u00e9cnicas, t\u00e1cticas y f\u00edsicas como deportistas y m\u00e1s concretamente, como futbolistas.<\/p>\n<p>Enfocado a los <strong><em>ni\u00f1os<\/em> <\/strong>y las <em><strong>ni\u00f1as<\/strong><\/em>, este es un proyecto basado en el aprendizaje a trav\u00e9s del juego y ejercicios espec\u00edficos del f\u00fatbol. Los <em><strong>valores<\/strong> <strong>humanos<\/strong><\/em> son los pilares fundamentales de esta idea porque se hacen imprescindibles en &nbsp;todo deportista de alto nivel que se precie.<\/p>\n<p style=\"text-align: justify;\"><!--more--><\/p>\n<p style=\"text-align: justify;\">La diversi\u00f3n, el juego, el desaf\u00edo o la competici\u00f3n son conceptos que deben estar unidos al esfuerzo, la constancia, la confianza o el respeto por uno mismo y por los dem\u00e1s. Algo tan en desuso en la actualidad y que debemos recuperar si deseamos que nuestros hijos e hijas sean verdaderos deportistas que sepan asimilar algo tan importante como es el <em><strong>\u00c9xito<\/strong><\/em>.<\/p>\n<p style=\"text-align: justify;\">Dirigido a los <em><strong>adultos<\/strong><\/em>, tanto hombres como mujeres podr\u00e1n disfrutar de verdaderos entrenamientos de <em><strong>f\u00fatbol de alto nivel<\/strong><\/em>. A todos nos gusta mejorar y perfeccionar nuestras cualidades como deportistas. El dise\u00f1o de este innovador proyecto desarrolla notablemente aquellos conceptos, acciones &nbsp;y capacidades que se deseen mejorar.<\/p>\n<p style=\"text-align: justify;\">\u00bfDeseas experimentar el alto nivel? Pru\u00e9bame<\/p>\n","protected":false},"excerpt":{"rendered":"<p>Este proyecto aporta algo nuevo. Un entrenador de f\u00fatbol personal. Es una idea destinada para todos aquellos deportistas de ambos sexos, ni\u00f1os y ni\u00f1as, mujeres y hombres, que deseen mejorar y perfeccionar sus cualidades t\u00e9cnicas, t\u00e1cticas y f\u00edsicas como deportistas y m\u00e1s concretamente, como futbolistas. Enfocado a los ni\u00f1os y las ni\u00f1as, este es un [&hellip;]<\/p>\n","protected":false},"author":1,"featured_media":124,"parent":0,"menu_order":0,"comment_status":"closed","ping_status":"open","template":"page-full.php","meta":{"footnotes":""},"class_list":["post-5","page","type-page","status-publish","has-post-thumbnail","hentry"],"_links":{"self":[{"href":"https:\/\/www.diegocamacho.es\/index.php?rest_route=\/wp\/v2\/pages\/5","targetHints":{"allow":["GET"]}}],"collection":[{"href":"https:\/\/www.diegocamacho.es\/index.php?rest_route=\/wp\/v2\/pages"}],"about":[{"href":"https:\/\/www.diegocamacho.es\/index.php?rest_route=\/wp\/v2\/types\/page"}],"author":[{"embeddable":true,"href":"https:\/\/www.diegocamacho.es\/index.php?rest_route=\/wp\/v2\/users\/1"}],"replies":[{"embeddable":true,"href":"https:\/\/www.diegocamacho.es\/index.php?rest_route=%2Fwp%2Fv2%2Fcomments&post=5"}],"version-history":[{"count":43,"href":"https:\/\/www.diegocamacho.es\/index.php?rest_route=\/wp\/v2\/pages\/5\/revisions"}],"predecessor-version":[{"id":388,"href":"https:\/\/www.diegocamacho.es\/index.php?rest_route=\/wp\/v2\/pages\/5\/revisions\/388"}],"wp:featuredmedia":[{"embeddable":true,"href":"https:\/\/www.diegocamacho.es\/index.php?rest_route=\/wp\/v2\/media\/124"}],"wp:attachment":[{"href":"https:\/\/www.diegocamacho.es\/index.php?rest_route=%2Fwp%2Fv2%2Fmedia&parent=5"}],"curies":[{"name":"wp","href":"https:\/\/api.w.org\/{rel}","templated":true}]}}