{"id":9,"date":"2013-01-12T13:29:27","date_gmt":"2013-01-12T13:29:27","guid":{"rendered":"http:\/\/localhost\/?page_id=9"},"modified":"2023-01-27T08:14:14","modified_gmt":"2023-01-27T08:14:14","slug":"nins","status":"publish","type":"page","link":"https:\/\/www.diegocamacho.es\/?page_id=9","title":{"rendered":"J\u00f3venes futbolistas"},"content":{"rendered":"<p>Valorar nuestros peque\u00f1os logros es lo que nos har\u00e1 grandes.<\/p>\n<p>Sentirnos bien con esos peque\u00f1os pasos es lo que nos aportar\u00e1 la confianza necesaria para atrevernos con nuevos retos.<\/p>\n<p>Tened en cuenta que una <strong>\u00d3PTIMA ACTITUD<\/strong> es la primera puerta abierta hacia el \u00e9xito personal.<\/p>\n<p>Los grandes jugadores, los mejores del mundo, son indudablemente los que m\u00e1s entrenan. Nunca tienen suficiente. Siempre quieren m\u00e1s.<\/p>\n<p><strong>Y t\u00fa, \u00bfquieres m\u00e1s? o te conformas!<\/strong><!--more--><\/p>\n<div id=\"attachment_191\" style=\"width: 208px\" class=\"wp-caption alignright\"><a href=\"http:\/\/www.diegocamacho.es\/?attachment_id=191\" rel=\"attachment wp-att-191\"><img loading=\"lazy\" decoding=\"async\" aria-describedby=\"caption-attachment-191\" class=\"wp-image-191 \" style=\"margin: 2px 5px; border: 1px solid black;\" src=\"http:\/\/www.diegocamacho.es\/wp-content\/uploads\/2013\/01\/Diego-entreno-sporting.jpg\" alt=\"No se llega a ser campe\u00f3n sin sudar\" width=\"198\" height=\"327\" srcset=\"https:\/\/www.diegocamacho.es\/wp-content\/uploads\/2013\/01\/Diego-entreno-sporting.jpg 330w, https:\/\/www.diegocamacho.es\/wp-content\/uploads\/2013\/01\/Diego-entreno-sporting-181x300.jpg 181w\" sizes=\"auto, (max-width: 198px) 100vw, 198px\" \/><\/a><p id=\"caption-attachment-191\" class=\"wp-caption-text\">No se llega a ser campe\u00f3n sin sudar<\/p><\/div>\n<p>Seguro que est\u00e1is deseando jugar lo m\u00e1s arriba posible. \u00bfDe verdad est\u00e1is dispuestos a cumplir vuestro sue\u00f1o?<\/p>\n<p>S\u00f3lo quiero que sep\u00e1is que no es f\u00e1cil, que exige muchos sacrificios y que nuestro comportamiento ha de ser como si ya fu\u00e9semos jugadores y jugadoras de Primera Divisi\u00f3n. Es decir, una actitud llena de coraje, llena de valent\u00eda y arrojo.<\/p>\n<p>Os lo vuelvo a preguntar:&nbsp;\u00bfRealmente os consider\u00e1is capacitados y preparadas para este reto?<\/p>\n<p>\u00bfY para luchar por cumplir vuestros sue\u00f1os?<\/p>\n<p>\u00bfPara esforzaros por mejorar cada d\u00eda sin bajar nunca los brazos?<\/p>\n<p>Si est\u00e1is dispuestos a luchar por vuestros sue\u00f1os <strong>contad conmigo<\/strong>. Yo os ayudo.<\/p>\n<p>Desde peque\u00f1o siempre dese\u00e9 tener a alguien cerca que me asesorara, que me guiara, que me apoyara y me diera fuerzas cuando estaba en momentos de des\u00e1nimo. Mi padre, mi madre y mi hermana siempre estuvieron a mi lado. Nuestra familia es siempre nuestro mejor apoyo. De eso no hay ninguna duda.<\/p>\n<p>Pero necesitamos un refuerzo nuevo que nos muestre un punto de vista diferente, una visi\u00f3n m\u00e1s objetiva y realista que nos exija un esfuerzo extra para no&nbsp;abandonar, para de desfallecer. Y as\u00ed, <strong>seguir luchando por vivir vuestro&nbsp;sue\u00f1o<\/strong>.<\/p>\n<p>De modo, chicos y chicas, que estoy con vosotros. Pero os pido tan s\u00f3lo una peque\u00f1a cosa:<\/p>\n<p>No lo intent\u00e9is&#8230;..<em><strong>\u00a1\u00a1HACEDLO!!<\/strong><\/em><\/p>\n<p>Pincha en <strong>\u00abElije T\u00fa\u00bb<\/strong> y selecciona la opci\u00f3n que m\u00e1s se ajuste a tus sue\u00f1os.<\/p>\n","protected":false},"excerpt":{"rendered":"<p>Valorar nuestros peque\u00f1os logros es lo que nos har\u00e1 grandes. Sentirnos bien con esos peque\u00f1os pasos es lo que nos aportar\u00e1 la confianza necesaria para atrevernos con nuevos retos. Tened en cuenta que una \u00d3PTIMA ACTITUD es la primera puerta abierta hacia el \u00e9xito personal. Los grandes jugadores, los mejores del mundo, son indudablemente los [&hellip;]<\/p>\n","protected":false},"author":1,"featured_media":229,"parent":0,"menu_order":0,"comment_status":"closed","ping_status":"open","template":"page-full.php","meta":{"footnotes":""},"class_list":["post-9","page","type-page","status-publish","has-post-thumbnail","hentry"],"_links":{"self":[{"href":"https:\/\/www.diegocamacho.es\/index.php?rest_route=\/wp\/v2\/pages\/9","targetHints":{"allow":["GET"]}}],"collection":[{"href":"https:\/\/www.diegocamacho.es\/index.php?rest_route=\/wp\/v2\/pages"}],"about":[{"href":"https:\/\/www.diegocamacho.es\/index.php?rest_route=\/wp\/v2\/types\/page"}],"author":[{"embeddable":true,"href":"https:\/\/www.diegocamacho.es\/index.php?rest_route=\/wp\/v2\/users\/1"}],"replies":[{"embeddable":true,"href":"https:\/\/www.diegocamacho.es\/index.php?rest_route=%2Fwp%2Fv2%2Fcomments&post=9"}],"version-history":[{"count":37,"href":"https:\/\/www.diegocamacho.es\/index.php?rest_route=\/wp\/v2\/pages\/9\/revisions"}],"predecessor-version":[{"id":386,"href":"https:\/\/www.diegocamacho.es\/index.php?rest_route=\/wp\/v2\/pages\/9\/revisions\/386"}],"wp:featuredmedia":[{"embeddable":true,"href":"https:\/\/www.diegocamacho.es\/index.php?rest_route=\/wp\/v2\/media\/229"}],"wp:attachment":[{"href":"https:\/\/www.diegocamacho.es\/index.php?rest_route=%2Fwp%2Fv2%2Fmedia&parent=9"}],"curies":[{"name":"wp","href":"https:\/\/api.w.org\/{rel}","templated":true}]}}